{"id":23127,"date":"2025-09-30T15:02:56","date_gmt":"2025-09-30T20:02:56","guid":{"rendered":"https:\/\/karindelasierra.com\/livro-de-reclamacoes\/"},"modified":"2026-01-06T19:22:22","modified_gmt":"2026-01-07T00:22:22","slug":"livro-de-reclamacoes","status":"publish","type":"page","link":"https:\/\/karindelasierra.com\/pt-br\/livro-de-reclamacoes\/","title":{"rendered":"Livro de reclama\u00e7\u00f5es"},"content":{"rendered":"\n<p><strong>DETALHES DO ESTABELECIMENTO<\/strong><\/p>\n\n<p>Nome comercial: Martha Maria Milagros Bustamante Letts<\/p>\n\n<p>Endere\u00e7o: Calle Agustin de la Torre Gonzales 195 San Isidro<\/p>\n\n<p><strong>RUC:<\/strong> 10072766445<\/p>\n\n    <div class=\"reclamaciones-container\">\n      <div class=\"inner-form\">\n\n      <link rel=\"stylesheet\" href=\"https:\/\/stackpath.bootstrapcdn.com\/font-awesome\/4.7.0\/css\/font-awesome.min.css\">\n      <style>\n        .reclamaciones-container .reclamaciones-error {\n          border: 1px solid red !important;\n          background: #ff7373 !important;\n        }\n      <\/style>\n      <form id=\"reclamaciones-form\">\n          <div class=\"row row-center\">\n            <h1>Livro de reclama\u00e7\u00f5es<\/h1>\n          <\/div>\n        <div class=\"row row-left\">\n          <div class=\"col-xs-12\">\n            <div class=\"box-title\">\n              <div class=\"part-title\"><p class=\"m-0\">Identificaci\u00f3n del consumidor reclamante<\/p><\/div>\n            <\/div>\n          <\/div>\n        <\/div>\n        <div class=\"row row-center\">\n          <div class=\"col-xs-12\">\n            <div class=\"reclamaciones-tipo text-center my-10\">\n\n              <label class=\"customcheck\">Persona natural                <input type=\"radio\" name=\"tipo_persona\" class=\"tipo_persona\" value=\"Persona natural\" checked \/>\n                <span class=\"checkmark\"><\/span>\n              <\/label>\n\n              <label class=\"customcheck\">Empresa                <input type=\"radio\" name=\"tipo_persona\" class=\"tipo_persona\" value=\"Empresa\"  \/>\n                <span class=\"checkmark\"><\/span>\n              <\/label>\n\n            <\/div>\n            <div class=\"reclamaciones-empresa\" style=\"display:none;\">\n              <div class=\"reclamaciones-col-12\"><label for=\"razon_social\">Raz\u00f3n Social*<\/label><input type=\"text\" id=\"razon_social\" name=\"razon_social\" class=\"form-control\"><\/div>\n              <div class=\"reclamaciones-col-12\"><label for=\"nro_ruc\">N\u00b0 R.U.C.*<\/label><input type=\"text\" id=\"nro_ruc\" name=\"nro_ruc\" class=\"form-control\"><\/div>\n            <\/div>\n            <div class=\"address-form-section\">\n              <div class=\"reclamaciones-col-6\"><label for=\"address_firstName\">Nombre*<\/label><input type=\"text\" id=\"address_firstName\" name=\"firstName\" required=\"required\" class=\"form-control\"><\/div>\n              <div class=\"reclamaciones-col-6\"><label for=\"address_lastName\">Apellidos*<\/label><input type=\"text\" id=\"address_lastName\" name=\"lastName\" required=\"required\" class=\"form-control\"><\/div>\n              <div class=\"reclamaciones-col-6\"><label for=\"address_mobilePhone\">Tel\u00e9fono Celular<\/label><input type=\"text\" id=\"address_mobilePhone\" name=\"mobilePhone\" class=\"form-control\"><\/div>\n              <div class=\"reclamaciones-col-6\"><label for=\"address_phone\">Otro Tel\u00e9fono<\/label><input type=\"text\" id=\"address_phone\" name=\"phone\" class=\"form-control\"><\/div>\n            <div class=\"reclamaciones-col-6\">\n              <label for=\"lr_form_documentType\">Tipo de documento*<\/label>\n              <select id=\"lr_form_documentType\" name=\"documentType\" required=\"required\" class=\"form-control\">\n                <option value=\"\" selected=\"selected\">Seleccione el tipo de documento<\/option>\n                <option value=\"DNI\">DNI<\/option>\n                <option value=\"C.E.\">C.E.<\/option>\n                <option value=\"Pasaporte\">Pasaporte<\/option>\n              <\/select>\n            <\/div>\n            <div class=\"reclamaciones-col-6\"><label for=\"lr_form_documentId\">N\u00famero de documento*<\/label><input type=\"text\" id=\"lr_form_documentId\" name=\"documentId\" required=\"required\" class=\"form-control\"><\/div>\n              <div class=\"reclamaciones-col-6\">\n                <label for=\"address_type\">Tipo de Direcci\u00f3n<\/label>\n                <select id=\"address_type\" name=\"type\" class=\"form-control\">\n                  <option value=\"\" selected=\"selected\">Seleccione un Tipo de Direcci\u00f3n<\/option>\n                  <option value=\"Casa\">Casa<\/option>\n                  <option value=\"Departamento\">Departamento<\/option>\n                  <option value=\"Condominio\">Condominio<\/option>\n                  <option value=\"Residencial\">Residencial<\/option>\n                  <option value=\"Oficina\">Oficina<\/option>\n                  <option value=\"Local\">Local<\/option>\n                  <option value=\"Centro\">Centro<\/option>\n                  <option value=\"Mercado\">Mercado<\/option>\n                  <option value=\"Galer\u00eda\">Galer\u00eda<\/option>\n                  <option value=\"Otro\">Otro<\/option>\n                <\/select>\n              <\/div>\n              <div class=\"reclamaciones-col-6\"><label for=\"address_line1\">Direcci\u00f3n<\/label><input type=\"text\" id=\"address_line1\" name=\"line1\" maxlength=\"250\" class=\"form-control\"><\/div>\n              <div class=\"reclamaciones-col-6\"><label for=\"address_lot\">Nro\/Lote<\/label><input type=\"text\" id=\"address_lot\" name=\"lot\" class=\"form-control\"><\/div>\n              <div class=\"reclamaciones-col-6\"><label for=\"address_department\">Depto.\/Int<\/label><input type=\"text\" id=\"address_department\" name=\"department\" class=\"form-control\"><\/div>\n              <div class=\"reclamaciones-col-4\">\n                <label for=\"departamento\">Departamento<\/label>\n                <select id=\"departamento\" name=\"region\" class=\"form-control\">\n                  <option value=\"\" selected=\"selected\">Seleccione un Departamento<\/option>\n                                        <option value=\"Amazonas\">Amazonas<\/option>\n                                          <option value=\"Ancash\">Ancash<\/option>\n                                          <option value=\"Apurimac\">Apurimac<\/option>\n                                          <option value=\"Arequipa\">Arequipa<\/option>\n                                          <option value=\"Ayacucho\">Ayacucho<\/option>\n                                          <option value=\"Cajamarca\">Cajamarca<\/option>\n                                          <option value=\"Callao\">Callao<\/option>\n                                          <option value=\"Cusco\">Cusco<\/option>\n                                          <option value=\"Huancavelica\">Huancavelica<\/option>\n                                          <option value=\"Huanuco\">Huanuco<\/option>\n                                          <option value=\"Ica\">Ica<\/option>\n                                          <option value=\"Junin\">Junin<\/option>\n                                          <option value=\"La Libertad\">La Libertad<\/option>\n                                          <option value=\"Lambayeque\">Lambayeque<\/option>\n                                          <option value=\"Lima\">Lima<\/option>\n                                          <option value=\"Loreto\">Loreto<\/option>\n                                          <option value=\"Madre De Dios\">Madre De Dios<\/option>\n                                          <option value=\"Moquegua\">Moquegua<\/option>\n                                          <option value=\"Pasco\">Pasco<\/option>\n                                          <option value=\"Piura\">Piura<\/option>\n                                          <option value=\"Puno\">Puno<\/option>\n                                          <option value=\"San Martin\">San Martin<\/option>\n                                          <option value=\"Tacna\">Tacna<\/option>\n                                          <option value=\"Tumbes\">Tumbes<\/option>\n                                          <option value=\"Ucayali\">Ucayali<\/option>\n                                    <\/select>\n              <\/div>\n              <div class=\"reclamaciones-col-4\">\n                <label for=\"provincia\">Provincia<\/label>\n                <select id=\"provincia\" name=\"municipality\" class=\"form-control\">\n                  <option value=\"\" selected=\"selected\">Seleccione una Provincia<\/option>\n                <\/select>\n              <\/div>\n              <div class=\"reclamaciones-col-4\">\n                <label for=\"distrito\">Distrito<\/label>\n                  <select id=\"distrito\" name=\"city\" class=\"form-control\">\n                    <option value=\"\" selected=\"selected\">Seleccione un Distrito<\/option>\n                  <\/select>\n                <\/div>\n              <div class=\"reclamaciones-col-12\"><label for=\"lr_form_email\">Email*<\/label><input type=\"email\" id=\"lr_form_email\" name=\"email\" required=\"required\" class=\"form-control \"><\/div>\n            <\/div>\n          <\/div>\n          <div class=\"col-xs-12\">\n            <div class=\"reclamaciones-col-12 text-center my-10 customcheck-square\">\n     \n              <label class=\"customcheck\" for=\"lr_menor_edad\">\u00bfMenor de edad?                <input type=\"checkbox\" id=\"lr_menor_edad\" name=\"menor_edad\" value=\"1\"> \n                <span class=\"checkmark\"><\/span>\n              <\/label>\n\n            <\/div>\n          <\/div>\n\n        <\/div> \n          <div class=\"col-xs-12\" id=\"lr_tutor\" style=\"display:none;\">\n            <div class=\"row row-left\">\n              <div class=\"col-xs-12\">\n                <div class=\"box-title\">\n                  <div class=\"part-title\"><p class=\"m-0\">Datos del padre, madre o tutor<\/p><\/div>\n                <\/div>\n              <\/div>\n            <\/div>\n            <div class=\"row row-center\">\n              <p>Si eres menor de edad, es necesario llenar los siguientes campos:<\/p>\n              <div class=\"reclamaciones-col-12\"><label for=\"lr_form_tutor_nombres\">Nombres<\/label><input type=\"text\" id=\"lr_form_tutor_nombres\" name=\"tutor_nombres\" class=\"form-control\"><\/div>\n              <div class=\"reclamaciones-col-12\"><label for=\"lr_form_tutor_ap_paterno\">Apellido paterno<\/label><input type=\"text\" id=\"lr_form_tutor_ap_paterno\" name=\"tutor_ap_paterno\" class=\"form-control\"><\/div>\n              <div class=\"reclamaciones-col-12\"><label for=\"lr_form_tutor_ap_materno\">Apellido materno<\/label><input type=\"text\" id=\"lr_form_tutor_ap_materno\" name=\"tutor_ap_materno\" class=\"form-control\"><\/div>\n              <div class=\"reclamaciones-col-12\"><label for=\"lr_form_tutor_dni\">DNI\/CE<\/label><input type=\"text\" id=\"lr_form_tutor_dni\" name=\"tutor_dni\" class=\"form-control\"><\/div>\n            <\/div>\n          <\/div>\n\n          \n        <div class=\"row row-left\">\n          <div class=\"col-xs-12\">\n            <div class=\"box-title\">\n              <div class=\"part-title\"><p class=\"m-0\">Identificaci\u00f3n del bien contratado<\/p><\/div>\n            <\/div>\n          <\/div>\n        <\/div>\n    \n          <div class=\"row row-center\">        \n          <div class=\"col-xs-12\">\n            <div class=\"reclamaciones-tipo text-center my-10\">\n\n              <label class=\"customcheck\"> Producto              <input type=\"radio\" name=\"productType\" class=\"tipo_producto\" value=\"Producto\" checked \/>\n                <span class=\"checkmark\"><\/span>\n              <\/label>\n\n              <label class=\"customcheck\">\n                <input type=\"radio\" name=\"productType\" class=\"tipo_producto\" value=\"Servicio\" \/> Servicio                <span class=\"checkmark\"><\/span>\n              <\/label>\n\n            <\/div>\n            <div class=\"reclamaciones-col-12\">\n              <label for=\"lr_form_productDescription\">Descripci\u00f3n*<\/label>\n              <textarea id=\"lr_form_productDescription\" name=\"productDescription\" required=\"required\" class=\"form-control\"><\/textarea>\n            <\/div>\n \n          <\/div>\n          \n            <div class=\"reclamaciones-col-12\">\n              <label for=\"fecha_lugar_ocurrencia\">Lugar, fecha y hora de la ocurrencia*<\/label>\n              <input type=\"text\" id=\"fecha_lugar_ocurrencia\" name=\"fecha_lugar_ocurrencia\" required=\"required\" class=\"form-control\">\n            <\/div>\n\n          <\/div> \n\n\n        <div class=\"row row-left\">\n          <div class=\"col-xs-12\">\n            <div class=\"box-title\">\n              <div class=\"part-title\"><p class=\"m-0\">Detalle del Reclamo o Queja<\/p><\/div>\n            <\/div>\n          <\/div>\n        <\/div>\n\n        <div class=\"row row-center\">        \n          <div class=\"col-xs-12\">\n            <div class=\"reclamaciones-tipo my-10\">\n\n            <div class=\"w-100\">\n              <label class=\"customcheck\"><b> Reclamo<\/b> Disconformidad relacionada a los productos y\/o servicios.                <input type=\"radio\" name=\"claimType\" class=\"tipo_reclamacion\" value=\"Reclamo\" checked \/>\n                <span class=\"checkmark\"><\/span>\n              <\/label>\n            <\/div>\n              \n            <div class=\"w-100\">\n              <label class=\"customcheck\"><b> Queja<\/b> Disconformidad no relacionada a los productos y\/o servicios, tal como malestar o descontento por la atenci\u00f3n al p\u00fablico.                <input type=\"radio\" name=\"claimType\" class=\"tipo_reclamacion\" value=\"Queja\" \/>\n                <span class=\"checkmark\"><\/span>\n              <\/label>\n            <\/div>\n\n            <\/div>\n            <div class=\"reclamaciones-col-12\"><label for=\"lr_form_claimDescription\">Detalle*<\/label><textarea id=\"lr_form_claimDescription\" name=\"claimDescription\" required=\"required\" class=\"form-control\"><\/textarea><\/div>\n          <\/div>\n        <\/div>  \n        <div class=\"row row-left\">\n          <div class=\"col-xs-12\">\n            <div class=\"box-title\">\n              <div class=\"part-title\"><p class=\"m-0\">Acciones adoptadas por el proveedor<\/p><\/div>\n            <\/div>\n          <\/div>\n        <\/div>\n\n        <div class=\"row row-center\">\n          <div class=\"col-xs-12\">\n            <div class=\"reclamaciones-col-12\">\n              <label for=\"lr_form_actionDescription\">Detalle*<\/label>\n              <textarea id=\"lr_form_actionDescription\" name=\"actionDescription\" required=\"required\" class=\"form-control\"><\/textarea>\n            <\/div>\n          <\/div>\n          <div class=\"col-xs-12\">\n            <p>\n              Se le informa que a efectos de poder establecer un medio de comunicaci\u00f3n efectivo y eficaz para dar respuesta a su queja o reclamo y, de igual forma, cumplir con Ley N\u00ba 29571 y el Reglamento del Libro de Reclamaciones del C\u00f3digo de Protecci\u00f3n y Defensa del Consumidor, sus datos personales ser\u00e1n registrados en el banco de datos denominado \u201cLibro de Reclamaciones\u201d de titularidad de Karin de la Sierra.<br>\n              Se dara respuesta al reclamo o queja en un plazo no mayor a quince (15) d\u00edas h\u00e1biles, el cual es improrrogable, de acuerdo a lo establecido por la ley.            <\/p>\n            <input type=\"hidden\" name=\"action\" value=\"enviar_reclamaciones\">\n            <input type=\"hidden\" id=\"wpnonce\" name=\"wpnonce\" value=\"c3261deaf1\" \/><input type=\"hidden\" name=\"_wp_http_referer\" value=\"\/pt-br\/wp-json\/wp\/v2\/pages\/23127\" \/>            <button type=\"button\" id=\"reclamaciones-enviar\" class=\"btn btn-primary col-xs-12 btn-enviar\">\n              Enviar <i class=\"fa fa-angle-right\" aria-hidden=\"true\"><\/i>\n            <\/button>\n            <p class=\"leyenda\"><strong>* Los campos obligatorios est\u00e1n marcados con un asterisco junto a la etiqueta del campo.<\/strong><\/p>\n            <p>&nbsp;<\/p>\n            <div id=\"reclamaciones-respuesta\"><\/div>\n          <\/div>\n        <\/div>\n      <\/form>\n      <\/div>\n    <\/div>\n    \n\n<p><\/p>\n","protected":false},"excerpt":{"rendered":"<p>DETALHES DO ESTABELECIMENTO Nome comercial: Martha Maria Milagros Bustamante Letts Endere\u00e7o: Calle Agustin de la Torre Gonzales 195 San Isidro RUC: 10072766445<\/p>\n","protected":false},"author":1,"featured_media":0,"parent":0,"menu_order":0,"comment_status":"closed","ping_status":"closed","template":"","meta":{"_acf_changed":false,"footnotes":""},"class_list":["post-23127","page","type-page","status-publish","hentry"],"acf":[],"yoast_head":"<!-- This site is optimized with the Yoast SEO plugin v27.2 - https:\/\/yoast.com\/product\/yoast-seo-wordpress\/ -->\n<title>Livro de reclama\u00e7\u00f5es - Karin de la Sierra<\/title>\n<meta name=\"robots\" content=\"index, follow, max-snippet:-1, max-image-preview:large, max-video-preview:-1\" \/>\n<link rel=\"canonical\" href=\"https:\/\/karindelasierra.com\/pt-br\/livro-de-reclamacoes\/\" \/>\n<meta property=\"og:locale\" content=\"pt_BR\" \/>\n<meta property=\"og:type\" content=\"article\" \/>\n<meta property=\"og:title\" content=\"Livro de reclama\u00e7\u00f5es - Karin de la Sierra\" \/>\n<meta property=\"og:description\" content=\"DETALHES DO ESTABELECIMENTO Nome comercial: Martha Maria Milagros Bustamante Letts Endere\u00e7o: Calle Agustin de la Torre Gonzales 195 San Isidro RUC: 10072766445\" \/>\n<meta property=\"og:url\" content=\"https:\/\/karindelasierra.com\/pt-br\/livro-de-reclamacoes\/\" \/>\n<meta property=\"og:site_name\" content=\"Karin de la Sierra\" \/>\n<meta property=\"article:modified_time\" content=\"2026-01-07T00:22:22+00:00\" \/>\n<meta name=\"twitter:card\" content=\"summary_large_image\" \/>\n<script type=\"application\/ld+json\" class=\"yoast-schema-graph\">{\"@context\":\"https:\/\/schema.org\",\"@graph\":[{\"@type\":\"WebPage\",\"@id\":\"https:\/\/karindelasierra.com\/pt-br\/livro-de-reclamacoes\/\",\"url\":\"https:\/\/karindelasierra.com\/pt-br\/livro-de-reclamacoes\/\",\"name\":\"Livro de reclama\u00e7\u00f5es - Karin de la Sierra\",\"isPartOf\":{\"@id\":\"https:\/\/karindelasierra.com\/pt-br\/#website\"},\"datePublished\":\"2025-09-30T20:02:56+00:00\",\"dateModified\":\"2026-01-07T00:22:22+00:00\",\"breadcrumb\":{\"@id\":\"https:\/\/karindelasierra.com\/pt-br\/livro-de-reclamacoes\/#breadcrumb\"},\"inLanguage\":\"pt-BR\",\"potentialAction\":[{\"@type\":\"ReadAction\",\"target\":[\"https:\/\/karindelasierra.com\/pt-br\/livro-de-reclamacoes\/\"]}]},{\"@type\":\"BreadcrumbList\",\"@id\":\"https:\/\/karindelasierra.com\/pt-br\/livro-de-reclamacoes\/#breadcrumb\",\"itemListElement\":[{\"@type\":\"ListItem\",\"position\":1,\"name\":\"Portada\",\"item\":\"https:\/\/karindelasierra.com\/pt-br\/\"},{\"@type\":\"ListItem\",\"position\":2,\"name\":\"Livro de reclama\u00e7\u00f5es\"}]},{\"@type\":\"WebSite\",\"@id\":\"https:\/\/karindelasierra.com\/pt-br\/#website\",\"url\":\"https:\/\/karindelasierra.com\/pt-br\/\",\"name\":\"Karin de la Sierra\",\"description\":\"Nuestra historia es una historia de amor\",\"publisher\":{\"@id\":\"https:\/\/karindelasierra.com\/pt-br\/#organization\"},\"potentialAction\":[{\"@type\":\"SearchAction\",\"target\":{\"@type\":\"EntryPoint\",\"urlTemplate\":\"https:\/\/karindelasierra.com\/pt-br\/?s={search_term_string}\"},\"query-input\":{\"@type\":\"PropertyValueSpecification\",\"valueRequired\":true,\"valueName\":\"search_term_string\"}}],\"inLanguage\":\"pt-BR\"},{\"@type\":\"Organization\",\"@id\":\"https:\/\/karindelasierra.com\/pt-br\/#organization\",\"name\":\"Karin de la Sierra\",\"url\":\"https:\/\/karindelasierra.com\/pt-br\/\",\"logo\":{\"@type\":\"ImageObject\",\"inLanguage\":\"pt-BR\",\"@id\":\"https:\/\/karindelasierra.com\/pt-br\/#\/schema\/logo\/image\/\",\"url\":\"https:\/\/karindelasierra.com\/wp-content\/uploads\/2025\/10\/logo-principal-footer.png\",\"contentUrl\":\"https:\/\/karindelasierra.com\/wp-content\/uploads\/2025\/10\/logo-principal-footer.png\",\"width\":428,\"height\":146,\"caption\":\"Karin de la Sierra\"},\"image\":{\"@id\":\"https:\/\/karindelasierra.com\/pt-br\/#\/schema\/logo\/image\/\"},\"sameAs\":[\"https:\/\/www.instagram.com\/karindelasierra\/\"]}]}<\/script>\n<!-- \/ Yoast SEO plugin. -->","yoast_head_json":{"title":"Livro de reclama\u00e7\u00f5es - Karin de la Sierra","robots":{"index":"index","follow":"follow","max-snippet":"max-snippet:-1","max-image-preview":"max-image-preview:large","max-video-preview":"max-video-preview:-1"},"canonical":"https:\/\/karindelasierra.com\/pt-br\/livro-de-reclamacoes\/","og_locale":"pt_BR","og_type":"article","og_title":"Livro de reclama\u00e7\u00f5es - Karin de la Sierra","og_description":"DETALHES DO ESTABELECIMENTO Nome comercial: Martha Maria Milagros Bustamante Letts Endere\u00e7o: Calle Agustin de la Torre Gonzales 195 San Isidro RUC: 10072766445","og_url":"https:\/\/karindelasierra.com\/pt-br\/livro-de-reclamacoes\/","og_site_name":"Karin de la Sierra","article_modified_time":"2026-01-07T00:22:22+00:00","twitter_card":"summary_large_image","schema":{"@context":"https:\/\/schema.org","@graph":[{"@type":"WebPage","@id":"https:\/\/karindelasierra.com\/pt-br\/livro-de-reclamacoes\/","url":"https:\/\/karindelasierra.com\/pt-br\/livro-de-reclamacoes\/","name":"Livro de reclama\u00e7\u00f5es - Karin de la Sierra","isPartOf":{"@id":"https:\/\/karindelasierra.com\/pt-br\/#website"},"datePublished":"2025-09-30T20:02:56+00:00","dateModified":"2026-01-07T00:22:22+00:00","breadcrumb":{"@id":"https:\/\/karindelasierra.com\/pt-br\/livro-de-reclamacoes\/#breadcrumb"},"inLanguage":"pt-BR","potentialAction":[{"@type":"ReadAction","target":["https:\/\/karindelasierra.com\/pt-br\/livro-de-reclamacoes\/"]}]},{"@type":"BreadcrumbList","@id":"https:\/\/karindelasierra.com\/pt-br\/livro-de-reclamacoes\/#breadcrumb","itemListElement":[{"@type":"ListItem","position":1,"name":"Portada","item":"https:\/\/karindelasierra.com\/pt-br\/"},{"@type":"ListItem","position":2,"name":"Livro de reclama\u00e7\u00f5es"}]},{"@type":"WebSite","@id":"https:\/\/karindelasierra.com\/pt-br\/#website","url":"https:\/\/karindelasierra.com\/pt-br\/","name":"Karin de la Sierra","description":"Nuestra historia es una historia de amor","publisher":{"@id":"https:\/\/karindelasierra.com\/pt-br\/#organization"},"potentialAction":[{"@type":"SearchAction","target":{"@type":"EntryPoint","urlTemplate":"https:\/\/karindelasierra.com\/pt-br\/?s={search_term_string}"},"query-input":{"@type":"PropertyValueSpecification","valueRequired":true,"valueName":"search_term_string"}}],"inLanguage":"pt-BR"},{"@type":"Organization","@id":"https:\/\/karindelasierra.com\/pt-br\/#organization","name":"Karin de la Sierra","url":"https:\/\/karindelasierra.com\/pt-br\/","logo":{"@type":"ImageObject","inLanguage":"pt-BR","@id":"https:\/\/karindelasierra.com\/pt-br\/#\/schema\/logo\/image\/","url":"https:\/\/karindelasierra.com\/wp-content\/uploads\/2025\/10\/logo-principal-footer.png","contentUrl":"https:\/\/karindelasierra.com\/wp-content\/uploads\/2025\/10\/logo-principal-footer.png","width":428,"height":146,"caption":"Karin de la Sierra"},"image":{"@id":"https:\/\/karindelasierra.com\/pt-br\/#\/schema\/logo\/image\/"},"sameAs":["https:\/\/www.instagram.com\/karindelasierra\/"]}]}},"_links":{"self":[{"href":"https:\/\/karindelasierra.com\/pt-br\/wp-json\/wp\/v2\/pages\/23127","targetHints":{"allow":["GET"]}}],"collection":[{"href":"https:\/\/karindelasierra.com\/pt-br\/wp-json\/wp\/v2\/pages"}],"about":[{"href":"https:\/\/karindelasierra.com\/pt-br\/wp-json\/wp\/v2\/types\/page"}],"author":[{"embeddable":true,"href":"https:\/\/karindelasierra.com\/pt-br\/wp-json\/wp\/v2\/users\/1"}],"replies":[{"embeddable":true,"href":"https:\/\/karindelasierra.com\/pt-br\/wp-json\/wp\/v2\/comments?post=23127"}],"version-history":[{"count":1,"href":"https:\/\/karindelasierra.com\/pt-br\/wp-json\/wp\/v2\/pages\/23127\/revisions"}],"predecessor-version":[{"id":23128,"href":"https:\/\/karindelasierra.com\/pt-br\/wp-json\/wp\/v2\/pages\/23127\/revisions\/23128"}],"wp:attachment":[{"href":"https:\/\/karindelasierra.com\/pt-br\/wp-json\/wp\/v2\/media?parent=23127"}],"curies":[{"name":"wp","href":"https:\/\/api.w.org\/{rel}","templated":true}]}}